{"id":87,"date":"2020-01-03T19:54:11","date_gmt":"2020-01-03T18:54:11","guid":{"rendered":"https:\/\/margarcia-neuropsychologue.fr\/?page_id=87"},"modified":"2025-02-07T16:24:41","modified_gmt":"2025-02-07T15:24:41","slug":"pourquoi-consulter","status":"publish","type":"page","link":"https:\/\/margarcia-neuropsychologue.fr\/index.php\/pourquoi-consulter\/","title":{"rendered":"Bilan"},"content":{"rendered":"\n<p>Chez l\u2019enfant et l\u2019adolescent, la r\u00e9alisation d\u2019un&nbsp;bilan neuropsychologique&nbsp;est utile pour mieux&nbsp;comprendre son fonctionnement et son comportement&nbsp;ou encore pour&nbsp;aider \u00e0&nbsp;l\u2019\u00e9tablissement d\u2019un diagnostic, dans les cas suivants :<\/p>\n\n\n\n<ul><li>Difficult\u00e9s scolaires<\/li><li>Suspicion d\u2019un haut potentiel intellectuel <\/li><li>Troubles des apprentissages (Troubles Dys) <\/li><li>Troubles de l\u2019attention avec ou sans hyperactivit\u00e9 (TDA-H)<\/li><li>D\u00e9ficience intellectuelle  <\/li><\/ul>\n\n\n\n<p>Selon le profil de l\u2019enfant\/adolescent et la demande initiale, le&nbsp;bilan neuropsychologique&nbsp;sera compos\u00e9 de diff\u00e9rentes \u00e9preuves \u00e9valuant :<\/p>\n\n\n\n<ul><li>Le fonctionnement intellectuel&nbsp;(Bilan de QI avec le WISC V)<\/li><li>Les fonctions cognitives de haut niveau telles que la&nbsp;m\u00e9moire, les capacit\u00e9s attentionnelles et les fonctions ex\u00e9cutives&nbsp;<\/li><li>Les comp\u00e9tences sociales <\/li><li>Le comportement et la personnalit\u00e9 <\/li><\/ul>\n\n\n\n<p><\/p>\n\n\n\n<p><\/p>\n\n\n\n<p><\/p>\n","protected":false},"excerpt":{"rendered":"<p>Chez l\u2019enfant et l\u2019adolescent, la r\u00e9alisation d\u2019un&nbsp;bilan neuropsychologique&nbsp;est utile pour mieux&nbsp;comprendre son fonctionnement et son comportement&nbsp;ou encore pour&nbsp;aider \u00e0&nbsp;l\u2019\u00e9tablissement d\u2019un diagnostic, dans les cas suivants : Difficult\u00e9s scolaires Suspicion d\u2019un haut potentiel intellectuel Troubles des apprentissages (Troubles Dys) Troubles de l\u2019attention avec ou sans hyperactivit\u00e9 (TDA-H) D\u00e9ficience intellectuelle Selon le profil de l\u2019enfant\/adolescent et la &hellip; <\/p>\n<p class=\"link-more\"><a href=\"https:\/\/margarcia-neuropsychologue.fr\/index.php\/pourquoi-consulter\/\" class=\"more-link\">Continuer la lecture<span class=\"screen-reader-text\"> de &laquo;&nbsp;Bilan&nbsp;&raquo;<\/span><\/a><\/p>\n","protected":false},"author":1,"featured_media":0,"parent":0,"menu_order":0,"comment_status":"closed","ping_status":"closed","template":"","meta":[],"_links":{"self":[{"href":"https:\/\/margarcia-neuropsychologue.fr\/index.php\/wp-json\/wp\/v2\/pages\/87"}],"collection":[{"href":"https:\/\/margarcia-neuropsychologue.fr\/index.php\/wp-json\/wp\/v2\/pages"}],"about":[{"href":"https:\/\/margarcia-neuropsychologue.fr\/index.php\/wp-json\/wp\/v2\/types\/page"}],"author":[{"embeddable":true,"href":"https:\/\/margarcia-neuropsychologue.fr\/index.php\/wp-json\/wp\/v2\/users\/1"}],"replies":[{"embeddable":true,"href":"https:\/\/margarcia-neuropsychologue.fr\/index.php\/wp-json\/wp\/v2\/comments?post=87"}],"version-history":[{"count":16,"href":"https:\/\/margarcia-neuropsychologue.fr\/index.php\/wp-json\/wp\/v2\/pages\/87\/revisions"}],"predecessor-version":[{"id":270,"href":"https:\/\/margarcia-neuropsychologue.fr\/index.php\/wp-json\/wp\/v2\/pages\/87\/revisions\/270"}],"wp:attachment":[{"href":"https:\/\/margarcia-neuropsychologue.fr\/index.php\/wp-json\/wp\/v2\/media?parent=87"}],"curies":[{"name":"wp","href":"https:\/\/api.w.org\/{rel}","templated":true}]}}