{"id":100,"date":"2020-01-03T20:12:50","date_gmt":"2020-01-03T19:12:50","guid":{"rendered":"https:\/\/margarcia-neuropsychologue.fr\/?page_id=100"},"modified":"2025-02-07T16:25:08","modified_gmt":"2025-02-07T15:25:08","slug":"bilan-adultes","status":"publish","type":"page","link":"https:\/\/margarcia-neuropsychologue.fr\/index.php\/bilan-adultes\/","title":{"rendered":"Bilan adultes"},"content":{"rendered":"\n<p>Chez l\u2019adulte, un bilan neuropsychologique est recommand\u00e9\nlorsqu\u2019une&nbsp;personne pr\u00e9sente:<\/p>\n\n\n\n<ul><li>D\u00e9sorientation, oublis quotidiens, sensation de chercher les\nmots\u2026<\/li><li>Difficult\u00e9s cognitives&nbsp;(Troubles de la m\u00e9moire, de\nl\u2019attention, du langage, de l\u2019\u00e9criture,&nbsp;d\u2019organisation\/planification\u2026)<\/li><li>Difficult\u00e9s&nbsp;comportementales&nbsp;(Apathie, d\u00e9sinhibition,\nimpulsivit\u00e9\u2026)&nbsp;qui ont un impact n\u00e9gatif dans la&nbsp;vie&nbsp;quotidienne.<\/li><\/ul>\n\n\n\n<p>Ces difficult\u00e9s,&nbsp;rapport\u00e9es par le patient ou par son\nentourage, peuvent avoir des origines diverses :<\/p>\n\n\n\n<ul><li>Trouble d\u00e9veloppemental&nbsp;(par exemple un TDA-H)<\/li><li>Trouble neurologique acquis (Traumatisme cr\u00e2nien, AVC, tumeurs c\u00e9r\u00e9brales, \u00e9pilepsie, SEP\u2026)<\/li><li>Maladie psychiatrique<\/li><li>Suspicion ou diagnostic d\u2019une maladie neurod\u00e9g\u00e9n\u00e9rative (Parkinson, Alzheimer et autres maladies apparent\u00e9es, d\u00e9mences vasculaire\u2026)<\/li><\/ul>\n\n\n\n<p>Au moyen d\u2019un entretien clinique d\u00e9taill\u00e9 (anamn\u00e8se), de\nquestionnaires&nbsp;et&nbsp;de tests valid\u00e9s scientifiquement, le\nneuropsychologue va chercher \u00e0 :<\/p>\n\n\n\n<ul><li>Objectiver et pr\u00e9ciser la nature des difficult\u00e9s cognitives<\/li><li>Identifier les fonctions pr\u00e9serv\u00e9es et points forts de la\npersonne<\/li><\/ul>\n\n\n\n<p><\/p>\n\n\n\n<p><\/p>\n","protected":false},"excerpt":{"rendered":"<p>Chez l\u2019adulte, un bilan neuropsychologique est recommand\u00e9 lorsqu\u2019une&nbsp;personne pr\u00e9sente: D\u00e9sorientation, oublis quotidiens, sensation de chercher les mots\u2026 Difficult\u00e9s cognitives&nbsp;(Troubles de la m\u00e9moire, de l\u2019attention, du langage, de l\u2019\u00e9criture,&nbsp;d\u2019organisation\/planification\u2026) Difficult\u00e9s&nbsp;comportementales&nbsp;(Apathie, d\u00e9sinhibition, impulsivit\u00e9\u2026)&nbsp;qui ont un impact n\u00e9gatif dans la&nbsp;vie&nbsp;quotidienne. Ces difficult\u00e9s,&nbsp;rapport\u00e9es par le patient ou par son entourage, peuvent avoir des origines diverses : Trouble d\u00e9veloppemental&nbsp;(par exemple &hellip; <\/p>\n<p class=\"link-more\"><a href=\"https:\/\/margarcia-neuropsychologue.fr\/index.php\/bilan-adultes\/\" class=\"more-link\">Continuer la lecture<span class=\"screen-reader-text\"> de &laquo;&nbsp;Bilan adultes&nbsp;&raquo;<\/span><\/a><\/p>\n","protected":false},"author":1,"featured_media":0,"parent":0,"menu_order":0,"comment_status":"closed","ping_status":"closed","template":"","meta":[],"_links":{"self":[{"href":"https:\/\/margarcia-neuropsychologue.fr\/index.php\/wp-json\/wp\/v2\/pages\/100"}],"collection":[{"href":"https:\/\/margarcia-neuropsychologue.fr\/index.php\/wp-json\/wp\/v2\/pages"}],"about":[{"href":"https:\/\/margarcia-neuropsychologue.fr\/index.php\/wp-json\/wp\/v2\/types\/page"}],"author":[{"embeddable":true,"href":"https:\/\/margarcia-neuropsychologue.fr\/index.php\/wp-json\/wp\/v2\/users\/1"}],"replies":[{"embeddable":true,"href":"https:\/\/margarcia-neuropsychologue.fr\/index.php\/wp-json\/wp\/v2\/comments?post=100"}],"version-history":[{"count":7,"href":"https:\/\/margarcia-neuropsychologue.fr\/index.php\/wp-json\/wp\/v2\/pages\/100\/revisions"}],"predecessor-version":[{"id":271,"href":"https:\/\/margarcia-neuropsychologue.fr\/index.php\/wp-json\/wp\/v2\/pages\/100\/revisions\/271"}],"wp:attachment":[{"href":"https:\/\/margarcia-neuropsychologue.fr\/index.php\/wp-json\/wp\/v2\/media?parent=100"}],"curies":[{"name":"wp","href":"https:\/\/api.w.org\/{rel}","templated":true}]}}